{"id":11,"date":"2025-10-25T21:43:30","date_gmt":"2025-10-25T21:43:30","guid":{"rendered":"https:\/\/www.plantel.oeste360.pt\/?page_id=11"},"modified":"2025-12-16T01:03:47","modified_gmt":"2025-12-16T01:03:47","slug":"quem-somos","status":"publish","type":"page","link":"https:\/\/www.plantel.oeste360.pt\/?page_id=11","title":{"rendered":"Quem Somos"},"content":{"rendered":"\n\n\n\n\n\n\n\n\n<p>quem somos<\/p>\n\n\n\n\n\n\n\n\n\n\n\n\n\n\n\n\n\n\n\n\n\n\n\n\n\n\n<p style=\"text-align: right; \"><span style=\"font-size: 20px; color: rgb(255, 255, 255);\"><strong style=\"line-height: 1;\">LOREM CORPORATE CEO<\/strong><\/span><\/p><p style=\"text-align: center;\"><span style=\"color: rgb(255, 255, 255);\">Duis aute irure dolor in reprehenderit in voluptate velit esse cillum dolore eu fugiat nulla pariatur. Excepteur sint occaecat cupidatat non proident, sunt in culpa qui officia deserunt mollit anim id est laborum.<\/span><\/p><p style=\"text-align: left;\"><sign>\u00a0 \u00a0 \u00a0 <span style=\"line-height: 2.0;\">Benn Marshall<\/span><\/sign><\/p>\n\n\n<h3 style=\"text-decoration-style: initial; letter-spacing: normal;\">\n  <span style=\"color: rgb(64, 64, 64); font-family: 'Segoe UI', Roboto, Oxygen-Sans, Ubuntu, Cantarell, 'Helvetica Neue', sans-serif; font-size: 16px; text-decoration-style: initial; letter-spacing: normal;\">\n    <strong>\n      PlantelCampestre \u2014 Com mais de 15 anos de experi\u00eancia \u00e9 hoje uma refer\u00eancia nacional no setor das conservas alimentares, unindo tradi\u00e7\u00e3o, inova\u00e7\u00e3o e qualidade em cada produto que chega \u00e0 mesa dos nossos clientes. Inspirada nas origens e no saber de gera\u00e7\u00f5es, a PlantelCampestre nasceu com a miss\u00e3o de preservar o sabor aut\u00eantico dos produtos do campo portugu\u00eas, oferecendo uma sele\u00e7\u00e3o de azeitonas, tremo\u00e7os e pickles que refletem o melhor da nossa terra.\n    <\/strong>\n  <\/span>\n<\/h3>\n<p>\n  <span style=\"color: rgb(64, 64, 64); letter-spacing: normal;\">\n    Ao longo dos anos, a empresa consolidou a sua presen\u00e7a no mercado atrav\u00e9s de parcerias de confian\u00e7a e de longa dura\u00e7\u00e3o com os seus clientes e distribuidores. \n    O compromisso com a qualidade, frescura e competitividade tem sido a base do sucesso e o motivo pelo qual continuamos a crescer com credibilidade e reconhecimento.&nbsp;<\/span><\/p>\n<p><span style=\"color: rgb(64, 64, 64); letter-spacing: normal;\">&nbsp;Com uma estrutura moderna e linhas de produ\u00e7\u00e3o equipadas com tecnologia de \u00faltima gera\u00e7\u00e3o, garantimos um processo eficiente e sustent\u00e1vel, sem nunca abdicar da autenticidade artesanal que nos distingue.<\/span><span style=\"color: rgb(64, 64, 64); font-family: &quot;Segoe UI&quot;, Roboto, Oxygen-Sans, Ubuntu, Cantarell, &quot;Helvetica Neue&quot;, sans-serif; font-size: 16px; letter-spacing: normal; background-color: transparent;\">&nbsp;PlantelCampestre orgulha-se de ser uma empresa portuguesa em expans\u00e3o, reconhecida pela excel\u00eancia dos seus produtos e pelo respeito pelas tradi\u00e7\u00f5es que moldam a nossa identidade. O nosso prop\u00f3sito \u00e9 simples: oferecer qualidade, sabor e confian\u00e7a, com o mesmo cuidado que colocamos em tudo o que fazemos.<\/span><\/p>\n\n\n\n\n","protected":false},"excerpt":{"rendered":"","protected":false},"author":1,"featured_media":0,"parent":0,"menu_order":0,"comment_status":"closed","ping_status":"closed","template":"","meta":{"pagelayer_contact_templates":[],"_pagelayer_content":"","footnotes":""},"class_list":["post-11","page","type-page","status-publish","hentry"],"_links":{"self":[{"href":"https:\/\/www.plantel.oeste360.pt\/index.php?rest_route=\/wp\/v2\/pages\/11","targetHints":{"allow":["GET"]}}],"collection":[{"href":"https:\/\/www.plantel.oeste360.pt\/index.php?rest_route=\/wp\/v2\/pages"}],"about":[{"href":"https:\/\/www.plantel.oeste360.pt\/index.php?rest_route=\/wp\/v2\/types\/page"}],"author":[{"embeddable":true,"href":"https:\/\/www.plantel.oeste360.pt\/index.php?rest_route=\/wp\/v2\/users\/1"}],"replies":[{"embeddable":true,"href":"https:\/\/www.plantel.oeste360.pt\/index.php?rest_route=%2Fwp%2Fv2%2Fcomments&post=11"}],"version-history":[{"count":15,"href":"https:\/\/www.plantel.oeste360.pt\/index.php?rest_route=\/wp\/v2\/pages\/11\/revisions"}],"predecessor-version":[{"id":186,"href":"https:\/\/www.plantel.oeste360.pt\/index.php?rest_route=\/wp\/v2\/pages\/11\/revisions\/186"}],"wp:attachment":[{"href":"https:\/\/www.plantel.oeste360.pt\/index.php?rest_route=%2Fwp%2Fv2%2Fmedia&parent=11"}],"curies":[{"name":"wp","href":"https:\/\/api.w.org\/{rel}","templated":true}]}}