{"id":8,"date":"2025-10-25T21:43:30","date_gmt":"2025-10-25T21:43:30","guid":{"rendered":"https:\/\/www.plantel.oeste360.pt\/?page_id=8"},"modified":"2025-10-26T23:44:45","modified_gmt":"2025-10-26T23:44:45","slug":"home","status":"publish","type":"page","link":"https:\/\/www.plantel.oeste360.pt\/","title":{"rendered":"Home"},"content":{"rendered":"\n\n\n\n\n\n\n\n\n\n\n<img decoding=\"async\" draggable=\"true\" role=\"img\" class=\"emoji\" alt=\"\ud83d\udc49\" src=\"https:\/\/s.w.org\/images\/core\/emoji\/16.0.1\/svg\/1f449.svg\"> <strong data-start=\"92\" data-end=\"145\">\u201cAsseguramos os nossos melhores servi\u00e7os.\u201d<\/strong>\n<p style=\"text-align: center; color: #ffffff; line-height: 1.4;\"><strong>\n  H\u00e1 mais de 15 anos no mercado, unimos experi\u00eancia, efici\u00eancia e compromisso para <\/strong><\/p>\n<p style=\"text-align: center; color: #ffffff; line-height: 1.4;\"><strong>oferecer servi\u00e7os de excel\u00eancia e resultados que inspiram confian\u00e7a.\n<\/strong><\/p>\n\n\n\n\n\n\n\n\n\n\n\n\n\n<h1><span style=\"color: rgb(230, 0, 0); font-size: 16px; text-align: center; text-decoration-style: initial;\">Pickles&nbsp;<\/span><\/h1>\n<span style=\"font-size: x-large;\">Pickles s\u00e3o vegetais cortados e conservados em vinagre, passando por um processo de fermenta\u00e7\u00e3o natural. Normalmente incluem couve-flor, cenoura, pepino, pimento e cebolinha, sendo um ingrediente muito apreciado na cozinha tradicional portuguesa.<\/span>\n\n\n\n\n\n\n\n\n\n\n\nProdutos\n\n\n\n\n\n\n\n\n\n\n\n\n\n\n\n\n\n\n\n\n\n\n\n\n\n\n\n\n\n\n\n\n\n\n\n\n\n\n\n\n<p>Contato<\/p>\n\n<footer style=\"text-align:center; padding:20px; font-family:sans-serif; font-size:14px; color:#fff; background:transparent;\">\n  <div style=\"margin-bottom:10px;\">\n    <span style=\"margin-right:20px;\">\ud83d\udcde +351 913 410 857<\/span>\n    <span style=\"margin-right:20px;\">\n      \ud83d\udccd \n      <a href=\"https:\/\/www.google.com\/maps\/place\/R.+da+Capela,+A+dos+Cunhados\/@39.1575358,-9.3267974,15z\/data=!4m6!3m5!1s0xd1f31080144b69f:0x47cda6d4bcc4198e!8m2!3d39.1555387!4d-9.311472!16s%2Fg%2F1hc11gd_k?entry=ttu&#038;g_ep=EgoyMDI1MTAyMi4wIKXMDSoASAFQAw%3D%3D\" \n         target=\"_blank\" \n         title=\"Clique aqui para ver no Google Maps\"\n         style=\"color:#fff; text-decoration:none;\">\n        R. da Capela, n\u00ba 5\n      <\/a>\n    <\/span>\n    <span style=\"margin-right:20px;\">\ud83c\udfd9\ufe0f Torres Vedras \/ A dos Cunhados<\/span>\n    <span>\ud83d\udcee 2560-042<\/span>\n  <\/div>\n<\/footer>\n\n\n\n\n\n\n\n\n\n\n\n<p>Quem Somos<\/p>\n\n\n\n\n\n\n\n\n\n","protected":false},"excerpt":{"rendered":"","protected":false},"author":1,"featured_media":0,"parent":0,"menu_order":0,"comment_status":"closed","ping_status":"closed","template":"","meta":{"pagelayer_contact_templates":[],"_pagelayer_content":"","footnotes":""},"class_list":["post-8","page","type-page","status-publish","hentry"],"_links":{"self":[{"href":"https:\/\/www.plantel.oeste360.pt\/index.php?rest_route=\/wp\/v2\/pages\/8","targetHints":{"allow":["GET"]}}],"collection":[{"href":"https:\/\/www.plantel.oeste360.pt\/index.php?rest_route=\/wp\/v2\/pages"}],"about":[{"href":"https:\/\/www.plantel.oeste360.pt\/index.php?rest_route=\/wp\/v2\/types\/page"}],"author":[{"embeddable":true,"href":"https:\/\/www.plantel.oeste360.pt\/index.php?rest_route=\/wp\/v2\/users\/1"}],"replies":[{"embeddable":true,"href":"https:\/\/www.plantel.oeste360.pt\/index.php?rest_route=%2Fwp%2Fv2%2Fcomments&post=8"}],"version-history":[{"count":54,"href":"https:\/\/www.plantel.oeste360.pt\/index.php?rest_route=\/wp\/v2\/pages\/8\/revisions"}],"predecessor-version":[{"id":162,"href":"https:\/\/www.plantel.oeste360.pt\/index.php?rest_route=\/wp\/v2\/pages\/8\/revisions\/162"}],"wp:attachment":[{"href":"https:\/\/www.plantel.oeste360.pt\/index.php?rest_route=%2Fwp%2Fv2%2Fmedia&parent=8"}],"curies":[{"name":"wp","href":"https:\/\/api.w.org\/{rel}","templated":true}]}}